{"id":6889,"date":"2025-04-10T23:36:29","date_gmt":"2025-04-10T21:36:29","guid":{"rendered":"https:\/\/rastapopulos.com\/?post_type=product&#038;p=6889"},"modified":"2025-04-10T23:36:31","modified_gmt":"2025-04-10T21:36:31","slug":"les-femmes-cathares","status":"publish","type":"product","link":"https:\/\/rastapopulos.com\/oc-fr\/product\/les-femmes-cathares\/","title":{"rendered":"Les Femmes cathares"},"content":{"rendered":"<h2><strong>Les Femmes cathares<\/strong><\/h2>\n<p><strong>Anne Brenon<\/strong><\/p>\n<p>\u00c0 partir d&#8217;une \u00e9tude originale et approfondie des sources manuscrites m\u00e9di\u00e9vales et tout sp\u00e9cialement des archives inquisitoriales, Anne Brenon nous entra\u00eene en fait dans une <strong>histoire du catharisme<\/strong>, mais <strong>vue et men\u00e9e au travers des mentalit\u00e9s et de la vie quotidienne des femmes cathares<\/strong>.<br \/>\nEntre B\u00e9ziers et Toulouse, entre Quercy et Pyr\u00e9n\u00e9es, jusqu&#8217;\u00e0 la mort de la derni\u00e8re \u00c9glise dans le premier quart du 14e si\u00e8cle, les femmes vou\u00e8rent leur g\u00e9n\u00e9rosit\u00e9 et leur ferveur \u00e0 sa cause. Si une soci\u00e9t\u00e9 comme la soci\u00e9t\u00e9 m\u00e9di\u00e9vale occitane, derri\u00e8re ses classes nobles, a bascul\u00e9, c&#8217;est que ses femmes, pour le moins, y ont consenti.<br \/>\nDe Blanche, dame de Laurac, ou de Garsende, dame du Mas Saintes-Puelles, jusqu&#8217;\u00e0 Guillelme Maury, la petite paysanne de Montaillou qui brava l&#8217;Inquisition et donna sa vie pour essayer de sauver le Bon Homme Pierre Authi\u00e9 en 1309, <strong>ce livre accompagne la vie et la mort d&#8217;une foule de croyantes et de Bonnes Dames<\/strong>, nombre d&#8217;entre elles n&#8217;h\u00e9sitant pas \u00e0 porter l&#8217;ultime \u00e9preuve de leur engagement religieux et vital jusque sur le b\u00fbcher.<\/p>\n<p>Par ce travail tr\u00e8s neuf sur le r\u00f4le capital des femmes cathares, Anne Brenon nous apporte assur\u00e9ment les moyens de <strong>mieux conna\u00eetre, en ses rouages intimes, la soci\u00e9t\u00e9 occitane qui re\u00e7ut le catharisme<\/strong>.<\/p>\n<p>Editions <strong>Perrin<\/strong>, collection <strong>Tempus<\/strong>.<\/p>\n<p>Voir aussi les <strong><a class=\"bold\" title=\"Los libres d'Anne Brenon\" href=\"http:\/\/www.decouvertes-occitanes.fr\/fr\/36__brenon-anne\" target=\"_blank\" rel=\"noopener\">autres livres\u00a0d&#8217;Anne Brenon<\/a><\/strong>.<\/p>\n","protected":false},"excerpt":{"rendered":"<p>Les Femmes cathares Anne Brenon \u00c0 partir d&#8217;une \u00e9tude originale et approfondie des sources manuscrites m\u00e9di\u00e9vales et tout sp\u00e9cialement des archives inquisitoriales, Anne Brenon nous entra\u00eene en fait dans une histoire du catharisme, mais vue et men\u00e9e au travers des mentalit\u00e9s et de la vie quotidienne des femmes cathares. Entre B\u00e9ziers et Toulouse, entre Quercy [&hellip;]<\/p>\n","protected":false},"featured_media":6890,"comment_status":"open","ping_status":"closed","template":"","meta":[],"product_cat":[15],"product_tag":[50,53,54,52,56,55],"class_list":{"0":"post-6889","1":"product","2":"type-product","3":"status-publish","4":"has-post-thumbnail","6":"product_cat-livres","7":"product_tag-cathares","8":"product_tag-feminisme","9":"product_tag-femmes","10":"product_tag-histoire","11":"product_tag-legende","12":"product_tag-mystere","14":"first","15":"instock","16":"shipping-taxable","17":"purchasable","18":"product-type-simple"},"yoast_head":"<!-- This site is optimized with the Yoast SEO plugin v24.8.1 - https:\/\/yoast.com\/wordpress\/plugins\/seo\/ -->\n<title>Les Femmes cathares - D\u00e9couvertes Occitanes<\/title>\n<meta name=\"robots\" content=\"index, follow, max-snippet:-1, max-image-preview:large, max-video-preview:-1\" \/>\n<link rel=\"canonical\" href=\"https:\/\/rastapopulos.com\/oc-fr\/product\/les-femmes-cathares\/\" \/>\n<meta property=\"og:locale\" content=\"en_US\" \/>\n<meta property=\"og:type\" content=\"article\" \/>\n<meta property=\"og:title\" content=\"Les Femmes cathares - D\u00e9couvertes Occitanes\" \/>\n<meta property=\"og:description\" content=\"Les Femmes cathares Anne Brenon \u00c0 partir d&#8217;une \u00e9tude originale et approfondie des sources manuscrites m\u00e9di\u00e9vales et tout sp\u00e9cialement des archives inquisitoriales, Anne Brenon nous entra\u00eene en fait dans une histoire du catharisme, mais vue et men\u00e9e au travers des mentalit\u00e9s et de la vie quotidienne des femmes cathares. Entre B\u00e9ziers et Toulouse, entre Quercy [&hellip;]\" \/>\n<meta property=\"og:url\" content=\"https:\/\/rastapopulos.com\/oc-fr\/product\/les-femmes-cathares\/\" \/>\n<meta property=\"og:site_name\" content=\"D\u00e9couvertes Occitanes\" \/>\n<meta property=\"article:modified_time\" content=\"2025-04-10T21:36:31+00:00\" \/>\n<meta property=\"og:image\" content=\"https:\/\/rastapopulos.com\/wp-content\/uploads\/2025\/04\/anne-brenon.jpg\" \/>\n\t<meta property=\"og:image:width\" content=\"619\" \/>\n\t<meta property=\"og:image:height\" content=\"1000\" \/>\n\t<meta property=\"og:image:type\" content=\"image\/jpeg\" \/>\n<meta name=\"twitter:card\" content=\"summary_large_image\" \/>\n<meta name=\"twitter:label1\" content=\"Est. reading time\" \/>\n\t<meta name=\"twitter:data1\" content=\"2 minutes\" \/>\n<script type=\"application\/ld+json\" class=\"yoast-schema-graph\">{\"@context\":\"https:\/\/schema.org\",\"@graph\":[{\"@type\":\"WebPage\",\"@id\":\"https:\/\/rastapopulos.com\/oc-fr\/product\/les-femmes-cathares\/\",\"url\":\"https:\/\/rastapopulos.com\/oc-fr\/product\/les-femmes-cathares\/\",\"name\":\"Les Femmes cathares - D\u00e9couvertes Occitanes\",\"isPartOf\":{\"@id\":\"https:\/\/rastapopulos.com\/oc-fr\/#website\"},\"primaryImageOfPage\":{\"@id\":\"https:\/\/rastapopulos.com\/oc-fr\/product\/les-femmes-cathares\/#primaryimage\"},\"image\":{\"@id\":\"https:\/\/rastapopulos.com\/oc-fr\/product\/les-femmes-cathares\/#primaryimage\"},\"thumbnailUrl\":\"https:\/\/rastapopulos.com\/wp-content\/uploads\/2025\/04\/anne-brenon.jpg\",\"datePublished\":\"2025-04-10T21:36:29+00:00\",\"dateModified\":\"2025-04-10T21:36:31+00:00\",\"breadcrumb\":{\"@id\":\"https:\/\/rastapopulos.com\/oc-fr\/product\/les-femmes-cathares\/#breadcrumb\"},\"inLanguage\":\"oc-FR\",\"potentialAction\":[{\"@type\":\"ReadAction\",\"target\":[\"https:\/\/rastapopulos.com\/oc-fr\/product\/les-femmes-cathares\/\"]}]},{\"@type\":\"ImageObject\",\"inLanguage\":\"oc-FR\",\"@id\":\"https:\/\/rastapopulos.com\/oc-fr\/product\/les-femmes-cathares\/#primaryimage\",\"url\":\"https:\/\/rastapopulos.com\/wp-content\/uploads\/2025\/04\/anne-brenon.jpg\",\"contentUrl\":\"https:\/\/rastapopulos.com\/wp-content\/uploads\/2025\/04\/anne-brenon.jpg\",\"width\":619,\"height\":1000},{\"@type\":\"BreadcrumbList\",\"@id\":\"https:\/\/rastapopulos.com\/oc-fr\/product\/les-femmes-cathares\/#breadcrumb\",\"itemListElement\":[{\"@type\":\"ListItem\",\"position\":1,\"name\":\"Accueil\",\"item\":\"https:\/\/rastapopulos.com\/oc-fr\/\"},{\"@type\":\"ListItem\",\"position\":2,\"name\":\"Shop\",\"item\":\"https:\/\/rastapopulos.com\/oc-fr\/shop\/\"},{\"@type\":\"ListItem\",\"position\":3,\"name\":\"Les Femmes cathares\"}]},{\"@type\":\"WebSite\",\"@id\":\"https:\/\/rastapopulos.com\/oc-fr\/#website\",\"url\":\"https:\/\/rastapopulos.com\/oc-fr\/\",\"name\":\"D\u00e9couvertes Occitanes\",\"description\":\"Just Parla !\",\"publisher\":{\"@id\":\"https:\/\/rastapopulos.com\/oc-fr\/#organization\"},\"potentialAction\":[{\"@type\":\"SearchAction\",\"target\":{\"@type\":\"EntryPoint\",\"urlTemplate\":\"https:\/\/rastapopulos.com\/oc-fr\/?s={search_term_string}\"},\"query-input\":{\"@type\":\"PropertyValueSpecification\",\"valueRequired\":true,\"valueName\":\"search_term_string\"}}],\"inLanguage\":\"oc-FR\"},{\"@type\":\"Organization\",\"@id\":\"https:\/\/rastapopulos.com\/oc-fr\/#organization\",\"name\":\"D\u00e9couvertes Occitanes\",\"url\":\"https:\/\/rastapopulos.com\/oc-fr\/\",\"logo\":{\"@type\":\"ImageObject\",\"inLanguage\":\"oc-FR\",\"@id\":\"https:\/\/rastapopulos.com\/oc-fr\/#\/schema\/logo\/image\/\",\"url\":\"https:\/\/rastapopulos.com\/wp-content\/uploads\/2025\/03\/logo-site-main.png\",\"contentUrl\":\"https:\/\/rastapopulos.com\/wp-content\/uploads\/2025\/03\/logo-site-main.png\",\"width\":233,\"height\":350,\"caption\":\"D\u00e9couvertes Occitanes\"},\"image\":{\"@id\":\"https:\/\/rastapopulos.com\/oc-fr\/#\/schema\/logo\/image\/\"}}]}<\/script>\n<!-- \/ Yoast SEO plugin. -->","yoast_head_json":{"title":"Les Femmes cathares - D\u00e9couvertes Occitanes","robots":{"index":"index","follow":"follow","max-snippet":"max-snippet:-1","max-image-preview":"max-image-preview:large","max-video-preview":"max-video-preview:-1"},"canonical":"https:\/\/rastapopulos.com\/oc-fr\/product\/les-femmes-cathares\/","og_locale":"en_US","og_type":"article","og_title":"Les Femmes cathares - D\u00e9couvertes Occitanes","og_description":"Les Femmes cathares Anne Brenon \u00c0 partir d&#8217;une \u00e9tude originale et approfondie des sources manuscrites m\u00e9di\u00e9vales et tout sp\u00e9cialement des archives inquisitoriales, Anne Brenon nous entra\u00eene en fait dans une histoire du catharisme, mais vue et men\u00e9e au travers des mentalit\u00e9s et de la vie quotidienne des femmes cathares. Entre B\u00e9ziers et Toulouse, entre Quercy [&hellip;]","og_url":"https:\/\/rastapopulos.com\/oc-fr\/product\/les-femmes-cathares\/","og_site_name":"D\u00e9couvertes Occitanes","article_modified_time":"2025-04-10T21:36:31+00:00","og_image":[{"width":619,"height":1000,"url":"https:\/\/rastapopulos.com\/wp-content\/uploads\/2025\/04\/anne-brenon.jpg","type":"image\/jpeg"}],"twitter_card":"summary_large_image","twitter_misc":{"Est. reading time":"2 minutes"},"schema":{"@context":"https:\/\/schema.org","@graph":[{"@type":"WebPage","@id":"https:\/\/rastapopulos.com\/oc-fr\/product\/les-femmes-cathares\/","url":"https:\/\/rastapopulos.com\/oc-fr\/product\/les-femmes-cathares\/","name":"Les Femmes cathares - D\u00e9couvertes Occitanes","isPartOf":{"@id":"https:\/\/rastapopulos.com\/oc-fr\/#website"},"primaryImageOfPage":{"@id":"https:\/\/rastapopulos.com\/oc-fr\/product\/les-femmes-cathares\/#primaryimage"},"image":{"@id":"https:\/\/rastapopulos.com\/oc-fr\/product\/les-femmes-cathares\/#primaryimage"},"thumbnailUrl":"https:\/\/rastapopulos.com\/wp-content\/uploads\/2025\/04\/anne-brenon.jpg","datePublished":"2025-04-10T21:36:29+00:00","dateModified":"2025-04-10T21:36:31+00:00","breadcrumb":{"@id":"https:\/\/rastapopulos.com\/oc-fr\/product\/les-femmes-cathares\/#breadcrumb"},"inLanguage":"oc-FR","potentialAction":[{"@type":"ReadAction","target":["https:\/\/rastapopulos.com\/oc-fr\/product\/les-femmes-cathares\/"]}]},{"@type":"ImageObject","inLanguage":"oc-FR","@id":"https:\/\/rastapopulos.com\/oc-fr\/product\/les-femmes-cathares\/#primaryimage","url":"https:\/\/rastapopulos.com\/wp-content\/uploads\/2025\/04\/anne-brenon.jpg","contentUrl":"https:\/\/rastapopulos.com\/wp-content\/uploads\/2025\/04\/anne-brenon.jpg","width":619,"height":1000},{"@type":"BreadcrumbList","@id":"https:\/\/rastapopulos.com\/oc-fr\/product\/les-femmes-cathares\/#breadcrumb","itemListElement":[{"@type":"ListItem","position":1,"name":"Accueil","item":"https:\/\/rastapopulos.com\/oc-fr\/"},{"@type":"ListItem","position":2,"name":"Shop","item":"https:\/\/rastapopulos.com\/oc-fr\/shop\/"},{"@type":"ListItem","position":3,"name":"Les Femmes cathares"}]},{"@type":"WebSite","@id":"https:\/\/rastapopulos.com\/oc-fr\/#website","url":"https:\/\/rastapopulos.com\/oc-fr\/","name":"D\u00e9couvertes Occitanes","description":"Just Parla !","publisher":{"@id":"https:\/\/rastapopulos.com\/oc-fr\/#organization"},"potentialAction":[{"@type":"SearchAction","target":{"@type":"EntryPoint","urlTemplate":"https:\/\/rastapopulos.com\/oc-fr\/?s={search_term_string}"},"query-input":{"@type":"PropertyValueSpecification","valueRequired":true,"valueName":"search_term_string"}}],"inLanguage":"oc-FR"},{"@type":"Organization","@id":"https:\/\/rastapopulos.com\/oc-fr\/#organization","name":"D\u00e9couvertes Occitanes","url":"https:\/\/rastapopulos.com\/oc-fr\/","logo":{"@type":"ImageObject","inLanguage":"oc-FR","@id":"https:\/\/rastapopulos.com\/oc-fr\/#\/schema\/logo\/image\/","url":"https:\/\/rastapopulos.com\/wp-content\/uploads\/2025\/03\/logo-site-main.png","contentUrl":"https:\/\/rastapopulos.com\/wp-content\/uploads\/2025\/03\/logo-site-main.png","width":233,"height":350,"caption":"D\u00e9couvertes Occitanes"},"image":{"@id":"https:\/\/rastapopulos.com\/oc-fr\/#\/schema\/logo\/image\/"}}]}},"_links":{"self":[{"href":"https:\/\/rastapopulos.com\/oc-fr\/wp-json\/wp\/v2\/product\/6889","targetHints":{"allow":["GET"]}}],"collection":[{"href":"https:\/\/rastapopulos.com\/oc-fr\/wp-json\/wp\/v2\/product"}],"about":[{"href":"https:\/\/rastapopulos.com\/oc-fr\/wp-json\/wp\/v2\/types\/product"}],"replies":[{"embeddable":true,"href":"https:\/\/rastapopulos.com\/oc-fr\/wp-json\/wp\/v2\/comments?post=6889"}],"version-history":[{"count":0,"href":"https:\/\/rastapopulos.com\/oc-fr\/wp-json\/wp\/v2\/product\/6889\/revisions"}],"wp:featuredmedia":[{"embeddable":true,"href":"https:\/\/rastapopulos.com\/oc-fr\/wp-json\/wp\/v2\/media\/6890"}],"wp:attachment":[{"href":"https:\/\/rastapopulos.com\/oc-fr\/wp-json\/wp\/v2\/media?parent=6889"}],"wp:term":[{"taxonomy":"product_cat","embeddable":true,"href":"https:\/\/rastapopulos.com\/oc-fr\/wp-json\/wp\/v2\/product_cat?post=6889"},{"taxonomy":"product_tag","embeddable":true,"href":"https:\/\/rastapopulos.com\/oc-fr\/wp-json\/wp\/v2\/product_tag?post=6889"}],"curies":[{"name":"wp","href":"https:\/\/api.w.org\/{rel}","templated":true}]}}