{"id":6877,"date":"2025-04-10T16:04:44","date_gmt":"2025-04-10T14:04:44","guid":{"rendered":"https:\/\/rastapopulos.com\/?post_type=product&#038;p=6877"},"modified":"2025-04-15T07:12:16","modified_gmt":"2025-04-15T05:12:16","slug":"cathares-encyclopedie-dune-resistance-occitane","status":"publish","type":"product","link":"https:\/\/rastapopulos.com\/oc-fr\/product\/cathares-encyclopedie-dune-resistance-occitane\/","title":{"rendered":"Cathares : Encyclop\u00e9die d&#8217;une r\u00e9sistance occitane"},"content":{"rendered":"<p><strong>Michel Roquebert<\/strong> (1928-2020)<br \/>\n<strong>Patrice Teisseire-Dufour<\/strong><br \/>\ngravures de <strong>Marie-Am\u00e9lie Giamarchi<br \/>\n<\/strong><\/p>\n<p><strong>Passionn\u00e9<\/strong> depuis les ann\u00e9es 1960 par <strong>l\u2019\u00e9poque des Cathares<\/strong> en Occitanie, <strong>Michel<\/strong> <strong>Roquebert<\/strong> \u00e9tait devenu, \u00e0 force de recherches personnelles, de travail et de rigueur, <strong>l&#8217;un des sp\u00e9cialistes incontest\u00e9s<\/strong> dans ce domaine.<br \/>\n&#8220;Fort d&#8217;une documentation de plus de cinquante ans d&#8217;\u00e9tudes, Michel Roquebert a d\u00e9cid\u00e9, dans les derni\u00e8res ann\u00e9es de sa vie, de s&#8217;atteler \u00e0 un dictionnaire du catharisme, afin de donner chair aux cathares&#8221; Mais il a rendu l&#8217;\u00e2me&#8230; &#8220;laissant en l&#8217;\u00e9tat le grand oeuvre de sa fin de vie&#8221; \u00e9crit Patrice Teisseire-Dufour dans sa pr\u00e9face.<br \/>\nPr\u00e9conisant d&#8217;instaurer de nouveaux rapports entre l&#8217;homme et la religion, l&#8217;argent, la justice et le travail, le catharisme avait quelque chose de <strong>r\u00e9volutionnaire<\/strong>. C&#8217;est cette &#8220;<strong>grande \u00e9pop\u00e9e id\u00e9ologique<\/strong>&#8221; qui passionnait M. Roquebert.<br \/>\nElle est expos\u00e9e ici gr\u00e2ce aux notes de l&#8217;auteur, choisies et mises en forme par P. Teisseire-Dufour.<\/p>\n<p>Une <strong>oeuvre magistrale et in\u00e9dite<\/strong> de<strong> 215 entr\u00e9es<\/strong>, class\u00e9es par ordre alphab\u00e9tique en <strong>7 chapitres<\/strong>\u00a0:<br \/>\n1 &#8211; La religion cathare\u00a0;<br \/>\n2 &#8211; Les \u00e9crits du catharisme\u00a0;<br \/>\n3 &#8211; L\u2019\u00c9glise cathare\u00a0: organisation, g\u00e9ographie, histoire\u00a0;<br \/>\n4 &#8211; \u00c9v\u00eaques cathares, parfaits et parfaites c\u00e9l\u00e8bres\u00a0;<br \/>\n5 &#8211; La r\u00e9pression (1)\u00a0: la Croisade albigeoise\u00a0;<br \/>\n6 &#8211; La r\u00e9pression (2)\u00a0: l\u2019Inquisition\u00a0;<br \/>\n7 &#8211; Successeurs, historiens du catharisme.<br \/>\nAvec une <strong>chronologie<\/strong> de 970 \u00e0 1329 (p. 244-247) et un <strong>index alphab\u00e9tique<\/strong> des noms de lieux, de personnes et notions (p. 249-254).<\/p>\n<p>Un <strong>beau livre<\/strong> <strong>reli\u00e9<\/strong> d\u2019\u00e9dition soign\u00e9e, imprim\u00e9 en deux couleurs (bleu noir et or),<strong> illustr\u00e9 <\/strong>de gravures originales.<br \/>\n<strong>En fran\u00e7ais<\/strong>.<\/p>\n<p>\u00c9ditions<strong> Privat<\/strong>.<\/p>\n","protected":false},"excerpt":{"rendered":"<p>Michel Roquebert (1928-2020) Patrice Teisseire-Dufour gravures de Marie-Am\u00e9lie Giamarchi Passionn\u00e9 depuis les ann\u00e9es 1960 par l\u2019\u00e9poque des Cathares en Occitanie, Michel Roquebert \u00e9tait devenu, \u00e0 force de recherches personnelles, de travail et de rigueur, l&#8217;un des sp\u00e9cialistes incontest\u00e9s dans ce domaine. &#8220;Fort d&#8217;une documentation de plus de cinquante ans d&#8217;\u00e9tudes, Michel Roquebert a d\u00e9cid\u00e9, dans [&hellip;]<\/p>\n","protected":false},"featured_media":6872,"comment_status":"open","ping_status":"closed","template":"elementor_theme","meta":[],"product_cat":[15],"product_tag":[50,52,51],"class_list":{"0":"post-6877","1":"product","2":"type-product","3":"status-publish","4":"has-post-thumbnail","6":"product_cat-livres","7":"product_tag-cathares","8":"product_tag-histoire","9":"product_tag-livre","11":"first","12":"instock","13":"shipping-taxable","14":"purchasable","15":"product-type-simple"},"yoast_head":"<!-- This site is optimized with the Yoast SEO plugin v24.8.1 - https:\/\/yoast.com\/wordpress\/plugins\/seo\/ -->\n<title>Cathares : Encyclop\u00e9die d&#039;une r\u00e9sistance occitane - D\u00e9couvertes Occitanes<\/title>\n<meta name=\"robots\" content=\"index, follow, max-snippet:-1, max-image-preview:large, max-video-preview:-1\" \/>\n<link rel=\"canonical\" href=\"https:\/\/rastapopulos.com\/oc-fr\/product\/cathares-encyclopedie-dune-resistance-occitane\/\" \/>\n<meta property=\"og:locale\" content=\"en_US\" \/>\n<meta property=\"og:type\" content=\"article\" \/>\n<meta property=\"og:title\" content=\"Cathares : Encyclop\u00e9die d&#039;une r\u00e9sistance occitane - D\u00e9couvertes Occitanes\" \/>\n<meta property=\"og:description\" content=\"Michel Roquebert (1928-2020) Patrice Teisseire-Dufour gravures de Marie-Am\u00e9lie Giamarchi Passionn\u00e9 depuis les ann\u00e9es 1960 par l\u2019\u00e9poque des Cathares en Occitanie, Michel Roquebert \u00e9tait devenu, \u00e0 force de recherches personnelles, de travail et de rigueur, l&#8217;un des sp\u00e9cialistes incontest\u00e9s dans ce domaine. &#8220;Fort d&#8217;une documentation de plus de cinquante ans d&#8217;\u00e9tudes, Michel Roquebert a d\u00e9cid\u00e9, dans [&hellip;]\" \/>\n<meta property=\"og:url\" content=\"https:\/\/rastapopulos.com\/oc-fr\/product\/cathares-encyclopedie-dune-resistance-occitane\/\" \/>\n<meta property=\"og:site_name\" content=\"D\u00e9couvertes Occitanes\" \/>\n<meta property=\"article:modified_time\" content=\"2025-04-15T05:12:16+00:00\" \/>\n<meta property=\"og:image\" content=\"https:\/\/rastapopulos.com\/wp-content\/uploads\/2022\/10\/cathares-encyclopedie-m-roquebert.jpg\" \/>\n\t<meta property=\"og:image:width\" content=\"800\" \/>\n\t<meta property=\"og:image:height\" content=\"800\" \/>\n\t<meta property=\"og:image:type\" content=\"image\/jpeg\" \/>\n<meta name=\"twitter:card\" content=\"summary_large_image\" \/>\n<meta name=\"twitter:label1\" content=\"Est. reading time\" \/>\n\t<meta name=\"twitter:data1\" content=\"2 minutes\" \/>\n<script type=\"application\/ld+json\" class=\"yoast-schema-graph\">{\"@context\":\"https:\/\/schema.org\",\"@graph\":[{\"@type\":\"WebPage\",\"@id\":\"https:\/\/rastapopulos.com\/oc-fr\/product\/cathares-encyclopedie-dune-resistance-occitane\/\",\"url\":\"https:\/\/rastapopulos.com\/oc-fr\/product\/cathares-encyclopedie-dune-resistance-occitane\/\",\"name\":\"Cathares : Encyclop\u00e9die d'une r\u00e9sistance occitane - D\u00e9couvertes Occitanes\",\"isPartOf\":{\"@id\":\"https:\/\/rastapopulos.com\/oc-fr\/#website\"},\"primaryImageOfPage\":{\"@id\":\"https:\/\/rastapopulos.com\/oc-fr\/product\/cathares-encyclopedie-dune-resistance-occitane\/#primaryimage\"},\"image\":{\"@id\":\"https:\/\/rastapopulos.com\/oc-fr\/product\/cathares-encyclopedie-dune-resistance-occitane\/#primaryimage\"},\"thumbnailUrl\":\"https:\/\/rastapopulos.com\/wp-content\/uploads\/2022\/10\/cathares-encyclopedie-m-roquebert.jpg\",\"datePublished\":\"2025-04-10T14:04:44+00:00\",\"dateModified\":\"2025-04-15T05:12:16+00:00\",\"breadcrumb\":{\"@id\":\"https:\/\/rastapopulos.com\/oc-fr\/product\/cathares-encyclopedie-dune-resistance-occitane\/#breadcrumb\"},\"inLanguage\":\"oc-FR\",\"potentialAction\":[{\"@type\":\"ReadAction\",\"target\":[\"https:\/\/rastapopulos.com\/oc-fr\/product\/cathares-encyclopedie-dune-resistance-occitane\/\"]}]},{\"@type\":\"ImageObject\",\"inLanguage\":\"oc-FR\",\"@id\":\"https:\/\/rastapopulos.com\/oc-fr\/product\/cathares-encyclopedie-dune-resistance-occitane\/#primaryimage\",\"url\":\"https:\/\/rastapopulos.com\/wp-content\/uploads\/2022\/10\/cathares-encyclopedie-m-roquebert.jpg\",\"contentUrl\":\"https:\/\/rastapopulos.com\/wp-content\/uploads\/2022\/10\/cathares-encyclopedie-m-roquebert.jpg\",\"width\":800,\"height\":800},{\"@type\":\"BreadcrumbList\",\"@id\":\"https:\/\/rastapopulos.com\/oc-fr\/product\/cathares-encyclopedie-dune-resistance-occitane\/#breadcrumb\",\"itemListElement\":[{\"@type\":\"ListItem\",\"position\":1,\"name\":\"Accueil\",\"item\":\"https:\/\/rastapopulos.com\/oc-fr\/\"},{\"@type\":\"ListItem\",\"position\":2,\"name\":\"Shop\",\"item\":\"https:\/\/rastapopulos.com\/oc-fr\/shop\/\"},{\"@type\":\"ListItem\",\"position\":3,\"name\":\"Cathares : Encyclop\u00e9die d&rsquo;une r\u00e9sistance occitane\"}]},{\"@type\":\"WebSite\",\"@id\":\"https:\/\/rastapopulos.com\/oc-fr\/#website\",\"url\":\"https:\/\/rastapopulos.com\/oc-fr\/\",\"name\":\"D\u00e9couvertes Occitanes\",\"description\":\"Just Parla !\",\"publisher\":{\"@id\":\"https:\/\/rastapopulos.com\/oc-fr\/#organization\"},\"potentialAction\":[{\"@type\":\"SearchAction\",\"target\":{\"@type\":\"EntryPoint\",\"urlTemplate\":\"https:\/\/rastapopulos.com\/oc-fr\/?s={search_term_string}\"},\"query-input\":{\"@type\":\"PropertyValueSpecification\",\"valueRequired\":true,\"valueName\":\"search_term_string\"}}],\"inLanguage\":\"oc-FR\"},{\"@type\":\"Organization\",\"@id\":\"https:\/\/rastapopulos.com\/oc-fr\/#organization\",\"name\":\"D\u00e9couvertes Occitanes\",\"url\":\"https:\/\/rastapopulos.com\/oc-fr\/\",\"logo\":{\"@type\":\"ImageObject\",\"inLanguage\":\"oc-FR\",\"@id\":\"https:\/\/rastapopulos.com\/oc-fr\/#\/schema\/logo\/image\/\",\"url\":\"https:\/\/rastapopulos.com\/wp-content\/uploads\/2025\/03\/logo-site-main.png\",\"contentUrl\":\"https:\/\/rastapopulos.com\/wp-content\/uploads\/2025\/03\/logo-site-main.png\",\"width\":233,\"height\":350,\"caption\":\"D\u00e9couvertes Occitanes\"},\"image\":{\"@id\":\"https:\/\/rastapopulos.com\/oc-fr\/#\/schema\/logo\/image\/\"}}]}<\/script>\n<!-- \/ Yoast SEO plugin. -->","yoast_head_json":{"title":"Cathares : Encyclop\u00e9die d'une r\u00e9sistance occitane - D\u00e9couvertes Occitanes","robots":{"index":"index","follow":"follow","max-snippet":"max-snippet:-1","max-image-preview":"max-image-preview:large","max-video-preview":"max-video-preview:-1"},"canonical":"https:\/\/rastapopulos.com\/oc-fr\/product\/cathares-encyclopedie-dune-resistance-occitane\/","og_locale":"en_US","og_type":"article","og_title":"Cathares : Encyclop\u00e9die d'une r\u00e9sistance occitane - D\u00e9couvertes Occitanes","og_description":"Michel Roquebert (1928-2020) Patrice Teisseire-Dufour gravures de Marie-Am\u00e9lie Giamarchi Passionn\u00e9 depuis les ann\u00e9es 1960 par l\u2019\u00e9poque des Cathares en Occitanie, Michel Roquebert \u00e9tait devenu, \u00e0 force de recherches personnelles, de travail et de rigueur, l&#8217;un des sp\u00e9cialistes incontest\u00e9s dans ce domaine. &#8220;Fort d&#8217;une documentation de plus de cinquante ans d&#8217;\u00e9tudes, Michel Roquebert a d\u00e9cid\u00e9, dans [&hellip;]","og_url":"https:\/\/rastapopulos.com\/oc-fr\/product\/cathares-encyclopedie-dune-resistance-occitane\/","og_site_name":"D\u00e9couvertes Occitanes","article_modified_time":"2025-04-15T05:12:16+00:00","og_image":[{"width":800,"height":800,"url":"https:\/\/rastapopulos.com\/wp-content\/uploads\/2022\/10\/cathares-encyclopedie-m-roquebert.jpg","type":"image\/jpeg"}],"twitter_card":"summary_large_image","twitter_misc":{"Est. reading time":"2 minutes"},"schema":{"@context":"https:\/\/schema.org","@graph":[{"@type":"WebPage","@id":"https:\/\/rastapopulos.com\/oc-fr\/product\/cathares-encyclopedie-dune-resistance-occitane\/","url":"https:\/\/rastapopulos.com\/oc-fr\/product\/cathares-encyclopedie-dune-resistance-occitane\/","name":"Cathares : Encyclop\u00e9die d'une r\u00e9sistance occitane - D\u00e9couvertes Occitanes","isPartOf":{"@id":"https:\/\/rastapopulos.com\/oc-fr\/#website"},"primaryImageOfPage":{"@id":"https:\/\/rastapopulos.com\/oc-fr\/product\/cathares-encyclopedie-dune-resistance-occitane\/#primaryimage"},"image":{"@id":"https:\/\/rastapopulos.com\/oc-fr\/product\/cathares-encyclopedie-dune-resistance-occitane\/#primaryimage"},"thumbnailUrl":"https:\/\/rastapopulos.com\/wp-content\/uploads\/2022\/10\/cathares-encyclopedie-m-roquebert.jpg","datePublished":"2025-04-10T14:04:44+00:00","dateModified":"2025-04-15T05:12:16+00:00","breadcrumb":{"@id":"https:\/\/rastapopulos.com\/oc-fr\/product\/cathares-encyclopedie-dune-resistance-occitane\/#breadcrumb"},"inLanguage":"oc-FR","potentialAction":[{"@type":"ReadAction","target":["https:\/\/rastapopulos.com\/oc-fr\/product\/cathares-encyclopedie-dune-resistance-occitane\/"]}]},{"@type":"ImageObject","inLanguage":"oc-FR","@id":"https:\/\/rastapopulos.com\/oc-fr\/product\/cathares-encyclopedie-dune-resistance-occitane\/#primaryimage","url":"https:\/\/rastapopulos.com\/wp-content\/uploads\/2022\/10\/cathares-encyclopedie-m-roquebert.jpg","contentUrl":"https:\/\/rastapopulos.com\/wp-content\/uploads\/2022\/10\/cathares-encyclopedie-m-roquebert.jpg","width":800,"height":800},{"@type":"BreadcrumbList","@id":"https:\/\/rastapopulos.com\/oc-fr\/product\/cathares-encyclopedie-dune-resistance-occitane\/#breadcrumb","itemListElement":[{"@type":"ListItem","position":1,"name":"Accueil","item":"https:\/\/rastapopulos.com\/oc-fr\/"},{"@type":"ListItem","position":2,"name":"Shop","item":"https:\/\/rastapopulos.com\/oc-fr\/shop\/"},{"@type":"ListItem","position":3,"name":"Cathares : Encyclop\u00e9die d&rsquo;une r\u00e9sistance occitane"}]},{"@type":"WebSite","@id":"https:\/\/rastapopulos.com\/oc-fr\/#website","url":"https:\/\/rastapopulos.com\/oc-fr\/","name":"D\u00e9couvertes Occitanes","description":"Just Parla !","publisher":{"@id":"https:\/\/rastapopulos.com\/oc-fr\/#organization"},"potentialAction":[{"@type":"SearchAction","target":{"@type":"EntryPoint","urlTemplate":"https:\/\/rastapopulos.com\/oc-fr\/?s={search_term_string}"},"query-input":{"@type":"PropertyValueSpecification","valueRequired":true,"valueName":"search_term_string"}}],"inLanguage":"oc-FR"},{"@type":"Organization","@id":"https:\/\/rastapopulos.com\/oc-fr\/#organization","name":"D\u00e9couvertes Occitanes","url":"https:\/\/rastapopulos.com\/oc-fr\/","logo":{"@type":"ImageObject","inLanguage":"oc-FR","@id":"https:\/\/rastapopulos.com\/oc-fr\/#\/schema\/logo\/image\/","url":"https:\/\/rastapopulos.com\/wp-content\/uploads\/2025\/03\/logo-site-main.png","contentUrl":"https:\/\/rastapopulos.com\/wp-content\/uploads\/2025\/03\/logo-site-main.png","width":233,"height":350,"caption":"D\u00e9couvertes Occitanes"},"image":{"@id":"https:\/\/rastapopulos.com\/oc-fr\/#\/schema\/logo\/image\/"}}]}},"_links":{"self":[{"href":"https:\/\/rastapopulos.com\/oc-fr\/wp-json\/wp\/v2\/product\/6877","targetHints":{"allow":["GET"]}}],"collection":[{"href":"https:\/\/rastapopulos.com\/oc-fr\/wp-json\/wp\/v2\/product"}],"about":[{"href":"https:\/\/rastapopulos.com\/oc-fr\/wp-json\/wp\/v2\/types\/product"}],"replies":[{"embeddable":true,"href":"https:\/\/rastapopulos.com\/oc-fr\/wp-json\/wp\/v2\/comments?post=6877"}],"version-history":[{"count":0,"href":"https:\/\/rastapopulos.com\/oc-fr\/wp-json\/wp\/v2\/product\/6877\/revisions"}],"wp:featuredmedia":[{"embeddable":true,"href":"https:\/\/rastapopulos.com\/oc-fr\/wp-json\/wp\/v2\/media\/6872"}],"wp:attachment":[{"href":"https:\/\/rastapopulos.com\/oc-fr\/wp-json\/wp\/v2\/media?parent=6877"}],"wp:term":[{"taxonomy":"product_cat","embeddable":true,"href":"https:\/\/rastapopulos.com\/oc-fr\/wp-json\/wp\/v2\/product_cat?post=6877"},{"taxonomy":"product_tag","embeddable":true,"href":"https:\/\/rastapopulos.com\/oc-fr\/wp-json\/wp\/v2\/product_tag?post=6877"}],"curies":[{"name":"wp","href":"https:\/\/api.w.org\/{rel}","templated":true}]}}